{"id":9,"date":"2016-06-10T13:42:12","date_gmt":"2016-06-10T13:42:12","guid":{"rendered":"http:\/\/patricianebreda.com\/?page_id=9"},"modified":"2016-09-30T11:53:26","modified_gmt":"2016-09-30T11:53:26","slug":"terapias","status":"publish","type":"page","link":"https:\/\/patricianebreda.com\/es\/terapias\/","title":{"rendered":"Terapias"},"content":{"rendered":"<p>Existe un amplio abanico de herramientas posibles para conseguir el objetivo.<\/p>\n<p>La decisi\u00f3n del m\u00e9todo que se vaya a utilizar es individual y est\u00e1 dise\u00f1ado para cubrir las necesidades y deseos espec\u00edficos de cada cliente.<\/p>\n<h3>Modalidades<\/h3>\n<p>Ofrezco tanto terapias presenciales como online.<\/p>\n<p>A lo largo de mi trayectoria he comprobado que las sesiones online pueden ser igual de efectivas que las presenciales, con el suplemento de que se pueden hacer desde cualquier parte del mundo.<\/p>\n<p>El viajar o estar muy ocupado deja de ser un obst\u00e1culo y se convierte en una herramienta maravillosa.<\/p>\n<div class=\"nota\">\nPara m\u00e1s informaci\u00f3n sobre los servicios NeurOptimal Neurofeedback p\u00f3ngase en contacto con nosotros.\n<\/div>\n","protected":false},"excerpt":{"rendered":"<p>Existe un amplio abanico de herramientas posibles para conseguir el objetivo. La decisi\u00f3n del m\u00e9todo que se vaya a utilizar es individual y est\u00e1 dise\u00f1ado para cubrir las necesidades y deseos espec\u00edficos de cada cliente. Modalidades Ofrezco tanto terapias presenciales como online. A lo largo de mi trayectoria he comprobado que las sesiones online pueden [&hellip;]<\/p>\n","protected":false},"author":1,"featured_media":0,"parent":0,"menu_order":0,"comment_status":"closed","ping_status":"closed","template":"","meta":{"footnotes":""},"class_list":{"0":"post-9","1":"page","2":"type-page","3":"status-publish","5":"entry"},"_links":{"self":[{"href":"https:\/\/patricianebreda.com\/es\/wp-json\/wp\/v2\/pages\/9","targetHints":{"allow":["GET"]}}],"collection":[{"href":"https:\/\/patricianebreda.com\/es\/wp-json\/wp\/v2\/pages"}],"about":[{"href":"https:\/\/patricianebreda.com\/es\/wp-json\/wp\/v2\/types\/page"}],"author":[{"embeddable":true,"href":"https:\/\/patricianebreda.com\/es\/wp-json\/wp\/v2\/users\/1"}],"replies":[{"embeddable":true,"href":"https:\/\/patricianebreda.com\/es\/wp-json\/wp\/v2\/comments?post=9"}],"version-history":[{"count":3,"href":"https:\/\/patricianebreda.com\/es\/wp-json\/wp\/v2\/pages\/9\/revisions"}],"predecessor-version":[{"id":376,"href":"https:\/\/patricianebreda.com\/es\/wp-json\/wp\/v2\/pages\/9\/revisions\/376"}],"wp:attachment":[{"href":"https:\/\/patricianebreda.com\/es\/wp-json\/wp\/v2\/media?parent=9"}],"curies":[{"name":"wp","href":"https:\/\/api.w.org\/{rel}","templated":true}]}}