{"id":63,"date":"2016-06-10T14:19:25","date_gmt":"2016-06-10T14:19:25","guid":{"rendered":"http:\/\/patricianebreda.com\/?page_id=63"},"modified":"2016-06-11T15:33:46","modified_gmt":"2016-06-11T15:33:46","slug":"wingwave-coaching","status":"publish","type":"page","link":"https:\/\/patricianebreda.com\/es\/terapias\/wingwave-coaching\/","title":{"rendered":"Wingwave Coaching"},"content":{"rendered":"<p>Estr\u00e9s, memorias desagradables del pasado o miedos a futuras situaciones pueden actuar como un gran impedimento hacia nuestra sanaci\u00f3n.<\/p>\n<p>Durante esos momentos de estr\u00e9s los dos hemisferios de la mente no pueden cooperar de una manera efectiva.<\/p>\n<p>En circunstancias normales los momentos de estr\u00e9s se solucionan durante las horas de sue\u00f1o. Mediante la fase REM (Rapid Eye Movements) nuestros ojos se mueven horizontalmente proces\u00e1ndose as\u00ed nuestras experiencias traum\u00e1ticas.<\/p>\n<p>El incremento constante del nivel de estr\u00e9s de muchas personas les impide procesar estas experiencias durante la fase del sue\u00f1o. La situaci\u00f3n podr\u00eda compararse con un CD que est\u00e1 rayado.<\/p>\n<p>El Wingwave simula la fase REM mientras el cliente est\u00e1 despierto. Los ojos del cliente siguen los movimientos de la mano del Coach y mientras tanto las emociones que se hab\u00edan quedado estancadas se liberan. Los movimientos de los ojos pueden ser reemplazados por m\u00fasica o ligeros toques en las rodillas o en los hombros. Su funci\u00f3n es la de permitir que los hemisferios de la mente trabajen juntos de forma coordinada y que las emociones previamente estancadas empiecen a moverse de nuevo, eliminando as\u00ed el bloqueo. El cerebro encuentra nuevas soluciones y nuevos recursos durante el proceso.<\/p>\n<h3>\u00bfPara qu\u00e9 se utiliza el Coaching Wingwave?<\/h3>\n<p>Este m\u00e9todo es ideal como preparaci\u00f3n mental para realizar competiciones deportivas, ex\u00e1menes, conferencias, entrevistas, apariciones en p\u00fablico, superar bloqueos y tensiones, resolver conflictos, aumentar la confianza, etc.<\/p>\n<h3>\u00bfC\u00f3mo se realiza una sesi\u00f3n de WingWave?<\/h3>\n<p>De forma presencial en la consulta.<\/p>\n<h3 style=\"text-align: center;\"><a class=\"button\" href=\"http:\/\/patricianebreda.com\/contacto\/\">\u00a1Concerta tu cita!<\/a><\/h3>\n","protected":false},"excerpt":{"rendered":"<p>Estr\u00e9s, memorias desagradables del pasado o miedos a futuras situaciones pueden actuar como un gran impedimento hacia nuestra sanaci\u00f3n. Durante esos momentos de estr\u00e9s los dos hemisferios de la mente no pueden cooperar de una manera efectiva. En circunstancias normales los momentos de estr\u00e9s se solucionan durante las horas de sue\u00f1o. Mediante la fase REM [&hellip;]<\/p>\n","protected":false},"author":1,"featured_media":0,"parent":9,"menu_order":0,"comment_status":"closed","ping_status":"closed","template":"","meta":{"footnotes":""},"class_list":{"0":"post-63","1":"page","2":"type-page","3":"status-publish","5":"entry"},"_links":{"self":[{"href":"https:\/\/patricianebreda.com\/es\/wp-json\/wp\/v2\/pages\/63","targetHints":{"allow":["GET"]}}],"collection":[{"href":"https:\/\/patricianebreda.com\/es\/wp-json\/wp\/v2\/pages"}],"about":[{"href":"https:\/\/patricianebreda.com\/es\/wp-json\/wp\/v2\/types\/page"}],"author":[{"embeddable":true,"href":"https:\/\/patricianebreda.com\/es\/wp-json\/wp\/v2\/users\/1"}],"replies":[{"embeddable":true,"href":"https:\/\/patricianebreda.com\/es\/wp-json\/wp\/v2\/comments?post=63"}],"version-history":[{"count":2,"href":"https:\/\/patricianebreda.com\/es\/wp-json\/wp\/v2\/pages\/63\/revisions"}],"predecessor-version":[{"id":65,"href":"https:\/\/patricianebreda.com\/es\/wp-json\/wp\/v2\/pages\/63\/revisions\/65"}],"up":[{"embeddable":true,"href":"https:\/\/patricianebreda.com\/es\/wp-json\/wp\/v2\/pages\/9"}],"wp:attachment":[{"href":"https:\/\/patricianebreda.com\/es\/wp-json\/wp\/v2\/media?parent=63"}],"curies":[{"name":"wp","href":"https:\/\/api.w.org\/{rel}","templated":true}]}}