{"id":61,"date":"2016-06-10T14:18:47","date_gmt":"2016-06-10T14:18:47","guid":{"rendered":"http:\/\/patricianebreda.com\/?page_id=61"},"modified":"2016-06-11T15:34:43","modified_gmt":"2016-06-11T15:34:43","slug":"t3-o-terapia-tridimensional","status":"publish","type":"page","link":"https:\/\/patricianebreda.com\/es\/terapias\/tecnicas-energeticas\/t3-o-terapia-tridimensional\/","title":{"rendered":"T3 o Terapia Tridimensional"},"content":{"rendered":"<p>La terapia 3 dimensional lleva la curaci\u00f3n energ\u00e9tica al siguiente nivel. Empodera a las personas a descubrir su potencial, sus talentos y sus sue\u00f1os. Las cosas que no sabemos de nosotros son las que est\u00e1n obstaculizando que alcancemos nuestras metas y desarrollemos todo nuestro potencial. A medida que empezamos a entender nuestro pasado empezamos a actuar y a dejar de reaccionar al presente.<\/p>\n<h3>La estructura<\/h3>\n<p>La estructura de la creencia profunda es como un \u00e1rbol: Las hojas y ramas representan las creencias m\u00e1s superficiales f\u00e1ciles de ver, el tronco representa creencias m\u00e1s profundas y menos obvias para nosotros y las creencias base, las que originan el problema, ser\u00edan las ra\u00edces que son m\u00e1s dif\u00edciles de ver desde fuera. Para tener acceso a las creencias profundas base es necesario descubrir lo que hay grabado en lo m\u00e1s profundo, liberarlo y substituirlo por algo m\u00e1s beneficioso y adecuado a nuestras metas<\/p>\n<h3>Beneficios del T3<\/h3>\n<p>Identificaci\u00f3n de sistemas de creencias profundas que pueden ser cambiadas por otras que concuerden m\u00e1s con nuestros deseos.<\/p>\n<p>Alivio de obsesiones y sabotajes que pueden estar bloqueando la curaci\u00f3n f\u00edsica, emocional o financiera.<\/p>\n<h3>\u00bfC\u00f3mo se realiza un sesi\u00f3n de T3?<\/h3>\n<p>Puede ser en persona o por proxi (tel\u00e9fono, Skype o email). El terapeuta se conecta con el campo energ\u00e9tico del cliente y a trav\u00e9s de la kinesiolog\u00eda le ayuda a descubrir cu\u00e1l es la creencia profunda escondida. Una vez que se sabe, se puede eliminar y reemplazar por otra que sea acorde a sus metas.<\/p>\n","protected":false},"excerpt":{"rendered":"<p>La terapia 3 dimensional lleva la curaci\u00f3n energ\u00e9tica al siguiente nivel. Empodera a las personas a descubrir su potencial, sus talentos y sus sue\u00f1os. Las cosas que no sabemos de nosotros son las que est\u00e1n obstaculizando que alcancemos nuestras metas y desarrollemos todo nuestro potencial. A medida que empezamos a entender nuestro pasado empezamos a [&hellip;]<\/p>\n","protected":false},"author":1,"featured_media":0,"parent":57,"menu_order":0,"comment_status":"closed","ping_status":"closed","template":"","meta":{"footnotes":""},"class_list":{"0":"post-61","1":"page","2":"type-page","3":"status-publish","5":"entry"},"_links":{"self":[{"href":"https:\/\/patricianebreda.com\/es\/wp-json\/wp\/v2\/pages\/61","targetHints":{"allow":["GET"]}}],"collection":[{"href":"https:\/\/patricianebreda.com\/es\/wp-json\/wp\/v2\/pages"}],"about":[{"href":"https:\/\/patricianebreda.com\/es\/wp-json\/wp\/v2\/types\/page"}],"author":[{"embeddable":true,"href":"https:\/\/patricianebreda.com\/es\/wp-json\/wp\/v2\/users\/1"}],"replies":[{"embeddable":true,"href":"https:\/\/patricianebreda.com\/es\/wp-json\/wp\/v2\/comments?post=61"}],"version-history":[{"count":1,"href":"https:\/\/patricianebreda.com\/es\/wp-json\/wp\/v2\/pages\/61\/revisions"}],"predecessor-version":[{"id":62,"href":"https:\/\/patricianebreda.com\/es\/wp-json\/wp\/v2\/pages\/61\/revisions\/62"}],"up":[{"embeddable":true,"href":"https:\/\/patricianebreda.com\/es\/wp-json\/wp\/v2\/pages\/57"}],"wp:attachment":[{"href":"https:\/\/patricianebreda.com\/es\/wp-json\/wp\/v2\/media?parent=61"}],"curies":[{"name":"wp","href":"https:\/\/api.w.org\/{rel}","templated":true}]}}