{"id":59,"date":"2016-06-11T15:36:26","date_gmt":"2016-06-11T15:36:26","guid":{"rendered":"http:\/\/patricianebreda.com\/?page_id=59"},"modified":"2016-09-30T13:10:54","modified_gmt":"2016-09-30T13:10:54","slug":"codigo-de-la-emocion","status":"publish","type":"page","link":"https:\/\/patricianebreda.com\/es\/terapias\/tecnicas-energeticas\/codigo-de-la-emocion\/","title":{"rendered":"El c\u00f3digo de la emoci\u00f3n y c\u00f3digo del cuerpo"},"content":{"rendered":"<p>Es una t\u00e9cnica creada por el Dr. Bradley Nelson en el que se libera la energ\u00eda emocional negativa del cuerpo. A trav\u00e9s de la kinesiolog\u00eda (estudio cient\u00edfico del movimiento humano) se conecta con la mente subconsciente y se averigua qu\u00e9 emociones hay detr\u00e1s de cada enfermedad o bloqueo. Una vez localizada la emoci\u00f3n se procede a liberarla.<\/p>\n<p>El bloqueo de esa energ\u00eda emocional pueden producir todo tipo de trastornos, como por ejemplo: depresi\u00f3n, ansiedad, fobias, enfermedades, ataques de p\u00e1nico, inseguridades, problemas de peso, adicciones, problemas de autoestima, etc.<\/p>\n<h3>\u00bfC\u00f3mo se realiza un sesi\u00f3n del c\u00f3digo de la emoci\u00f3n y c\u00f3digo del cuerpo?<\/h3>\n<p>Puede ser en persona o via proxi (tel\u00e9fono, Skype o email). El terapeuta se conecta con el campo energ\u00e9tico del cliente y a trav\u00e9s de la kinesiolog\u00eda le ayuda a descubrir cu\u00e1les son las emociones estancadas. Una vez que se saben se pueden eliminar para siempre, liberando as\u00ed al cliente.<\/p>\n<h3>\u00bfCu\u00e1les son los beneficios del c\u00f3digo de la emoci\u00f3n y c\u00f3digo del cuerpo?<\/h3>\n<p>Cuando una persona se libera de las emociones estancadas se abre a experimentar m\u00e1s alegr\u00eda, amor y abundancia en todas sus formas.<\/p>\n<p>Los resultados de las sesiones son alivio de dolores, sentimiento de felicidad y despreocupaci\u00f3n, m\u00e1s confianza, amor y claridad en uno mismo.<\/p>\n<div class=\"entry-button\"><a class=\"button\" href=\"http:\/\/patricianebreda.com\/el-codigo-de-la-emocion\/\">M\u00e1s informaci\u00f3n sobre el c\u00f3digo de la emoci\u00f3n<\/a><\/div>\n<h3>Concertar una cita<\/h3>\n<p>Sesiones de 30 o 60 minutos.<\/p>\n<div class=\"entry-button\"><a class=\"button\" href=\"https:\/\/app.acuityscheduling.com\/schedule.php?owner=12717042&amp;appointmentType=1827918\">30 minutos<\/a><\/div>\n<div class=\"entry-button\"><a class=\"button\" href=\"https:\/\/app.acuityscheduling.com\/schedule.php?owner=12717042&amp;appointmentType=1856088\">60 minutos<\/a><\/div>\n","protected":false},"excerpt":{"rendered":"<p>Es una t\u00e9cnica creada por el Dr. Bradley Nelson en el que se libera la energ\u00eda emocional negativa del cuerpo. A trav\u00e9s de la kinesiolog\u00eda (estudio cient\u00edfico del movimiento humano) se conecta con la mente subconsciente y se averigua qu\u00e9 emociones hay detr\u00e1s de cada enfermedad o bloqueo. Una vez localizada la emoci\u00f3n se procede [&hellip;]<\/p>\n","protected":false},"author":1,"featured_media":0,"parent":57,"menu_order":0,"comment_status":"closed","ping_status":"closed","template":"","meta":{"footnotes":""},"class_list":{"0":"post-59","1":"page","2":"type-page","3":"status-publish","5":"entry"},"_links":{"self":[{"href":"https:\/\/patricianebreda.com\/es\/wp-json\/wp\/v2\/pages\/59","targetHints":{"allow":["GET"]}}],"collection":[{"href":"https:\/\/patricianebreda.com\/es\/wp-json\/wp\/v2\/pages"}],"about":[{"href":"https:\/\/patricianebreda.com\/es\/wp-json\/wp\/v2\/types\/page"}],"author":[{"embeddable":true,"href":"https:\/\/patricianebreda.com\/es\/wp-json\/wp\/v2\/users\/1"}],"replies":[{"embeddable":true,"href":"https:\/\/patricianebreda.com\/es\/wp-json\/wp\/v2\/comments?post=59"}],"version-history":[{"count":8,"href":"https:\/\/patricianebreda.com\/es\/wp-json\/wp\/v2\/pages\/59\/revisions"}],"predecessor-version":[{"id":394,"href":"https:\/\/patricianebreda.com\/es\/wp-json\/wp\/v2\/pages\/59\/revisions\/394"}],"up":[{"embeddable":true,"href":"https:\/\/patricianebreda.com\/es\/wp-json\/wp\/v2\/pages\/57"}],"wp:attachment":[{"href":"https:\/\/patricianebreda.com\/es\/wp-json\/wp\/v2\/media?parent=59"}],"curies":[{"name":"wp","href":"https:\/\/api.w.org\/{rel}","templated":true}]}}