{"id":57,"date":"2016-06-10T14:15:17","date_gmt":"2016-06-10T14:15:17","guid":{"rendered":"http:\/\/patricianebreda.com\/?page_id=57"},"modified":"2016-09-30T13:16:19","modified_gmt":"2016-09-30T13:16:19","slug":"tecnicas-energeticas","status":"publish","type":"page","link":"https:\/\/patricianebreda.com\/es\/terapias\/tecnicas-energeticas\/","title":{"rendered":"T\u00e9cnicas energ\u00e9ticas"},"content":{"rendered":"<p>Las terapias energ\u00e9ticas es un t\u00e9rmino general utilizado para describir a una variedad de t\u00e9cnicas alternativas que se encargan de modificar los campos energ\u00e9ticos para equilibrar el cuerpo y la mente y acelerar los mecanismos de sanaci\u00f3n.<\/p>\n<p>El trabajo energ\u00e9tico puede incluso identificar problemas antes de que se manifiesten. Abre nuestra consciencia para que podamos vivir en perfecta armon\u00eda, vitalidad y salud.<\/p>\n<ul>\n<li><a href=\"http:\/\/patricianebreda.com\/terapias\/tecnicas-energeticas\/codigo-de-la-emocion\/\">C\u00f3digo de la emoci\u00f3n y C\u00f3digo del cuerpo<\/a><\/li>\n<li><a href=\"http:\/\/patricianebreda.com\/terapias\/tecnicas-energeticas\/t3-o-terapia-tridimensional\/\">T3<\/a><\/li>\n<\/ul>\n","protected":false},"excerpt":{"rendered":"<p>Las terapias energ\u00e9ticas es un t\u00e9rmino general utilizado para describir a una variedad de t\u00e9cnicas alternativas que se encargan de modificar los campos energ\u00e9ticos para equilibrar el cuerpo y la mente y acelerar los mecanismos de sanaci\u00f3n. El trabajo energ\u00e9tico puede incluso identificar problemas antes de que se manifiesten. Abre nuestra consciencia para que podamos [&hellip;]<\/p>\n","protected":false},"author":1,"featured_media":0,"parent":9,"menu_order":0,"comment_status":"closed","ping_status":"closed","template":"","meta":{"footnotes":""},"class_list":{"0":"post-57","1":"page","2":"type-page","3":"status-publish","5":"entry"},"_links":{"self":[{"href":"https:\/\/patricianebreda.com\/es\/wp-json\/wp\/v2\/pages\/57","targetHints":{"allow":["GET"]}}],"collection":[{"href":"https:\/\/patricianebreda.com\/es\/wp-json\/wp\/v2\/pages"}],"about":[{"href":"https:\/\/patricianebreda.com\/es\/wp-json\/wp\/v2\/types\/page"}],"author":[{"embeddable":true,"href":"https:\/\/patricianebreda.com\/es\/wp-json\/wp\/v2\/users\/1"}],"replies":[{"embeddable":true,"href":"https:\/\/patricianebreda.com\/es\/wp-json\/wp\/v2\/comments?post=57"}],"version-history":[{"count":4,"href":"https:\/\/patricianebreda.com\/es\/wp-json\/wp\/v2\/pages\/57\/revisions"}],"predecessor-version":[{"id":398,"href":"https:\/\/patricianebreda.com\/es\/wp-json\/wp\/v2\/pages\/57\/revisions\/398"}],"up":[{"embeddable":true,"href":"https:\/\/patricianebreda.com\/es\/wp-json\/wp\/v2\/pages\/9"}],"wp:attachment":[{"href":"https:\/\/patricianebreda.com\/es\/wp-json\/wp\/v2\/media?parent=57"}],"curies":[{"name":"wp","href":"https:\/\/api.w.org\/{rel}","templated":true}]}}