{"id":53,"date":"2016-06-11T15:31:58","date_gmt":"2016-06-11T15:31:58","guid":{"rendered":"http:\/\/patricianebreda.com\/?page_id=53"},"modified":"2016-06-13T08:12:42","modified_gmt":"2016-06-13T08:12:42","slug":"hipnosis","status":"publish","type":"page","link":"https:\/\/patricianebreda.com\/es\/terapias\/hipnosis\/","title":{"rendered":"Hipnosis"},"content":{"rendered":"<p>En mi opini\u00f3n la hipnosis es meditaci\u00f3n con una meta.<\/p>\n<p>Es acceder al conductor de nuestra vida pasando la frontera del factor cr\u00edtico, un trabajador del subconsciente que vive en el consciente, cuyo trabajo es el de filtrar la informaci\u00f3n de fuera, analizarla y permitir el paso s\u00f3lo a aquello que considere cierto.<\/p>\n<p>La mente subconsciente es altamente inteligente, tiene otro lenguaje y es la responsable en un 95% de lo que somos, de c\u00f3mo somos; es nuestro hogar.<\/p>\n<p>A trav\u00e9s de la hipnosis podemos acceder a ese lugar y reprogramar la informaci\u00f3n.<\/p>\n<p><img loading=\"lazy\" decoding=\"async\" class=\"aligncenter size-full wp-image-55\" src=\"http:\/\/patricianebreda.com\/wp-content\/uploads\/2016\/06\/iceberg-consciencia-inconsciente.jpg\" alt=\"Infogr\u00e1fico iceberg: consciencia vs inconsciente\" width=\"2000\" height=\"2658\" srcset=\"https:\/\/patricianebreda.com\/wp-content\/uploads\/2016\/06\/iceberg-consciencia-inconsciente.jpg 2000w, https:\/\/patricianebreda.com\/wp-content\/uploads\/2016\/06\/iceberg-consciencia-inconsciente-226x300.jpg 226w, https:\/\/patricianebreda.com\/wp-content\/uploads\/2016\/06\/iceberg-consciencia-inconsciente-768x1021.jpg 768w, https:\/\/patricianebreda.com\/wp-content\/uploads\/2016\/06\/iceberg-consciencia-inconsciente-771x1024.jpg 771w, https:\/\/patricianebreda.com\/wp-content\/uploads\/2016\/06\/iceberg-consciencia-inconsciente-1200x1595.jpg 1200w\" sizes=\"auto, (max-width: 2000px) 100vw, 2000px\" \/><\/p>\n<h3>\u00bfC\u00f3mo de efectiva es la hipnosis?<\/h3>\n<p>Los siguientes datos sobre la tasa de recuperaci\u00f3n revelada en una investigaci\u00f3n de\u00a0reportes de psicoterapia desarrollada por el Dr. Alfred Barrios, de la UCLA, habla de los\u00a0resultados de la terapia a trav\u00e9s de hipnosis:<\/p>\n<p><img loading=\"lazy\" decoding=\"async\" class=\"aligncenter size-full wp-image-200\" src=\"http:\/\/patricianebreda.com\/wp-content\/uploads\/2016\/06\/estudio-comparacion-psicoanalisis-hipnosis.jpg\" alt=\"Tasas de recuperaci\u00f3n: hipnosis cl\u00ednica, psicoan\u00e1lisis &amp; terapia conductual\" width=\"2067\" height=\"886\" srcset=\"https:\/\/patricianebreda.com\/wp-content\/uploads\/2016\/06\/estudio-comparacion-psicoanalisis-hipnosis.jpg 2067w, https:\/\/patricianebreda.com\/wp-content\/uploads\/2016\/06\/estudio-comparacion-psicoanalisis-hipnosis-300x129.jpg 300w, https:\/\/patricianebreda.com\/wp-content\/uploads\/2016\/06\/estudio-comparacion-psicoanalisis-hipnosis-768x329.jpg 768w, https:\/\/patricianebreda.com\/wp-content\/uploads\/2016\/06\/estudio-comparacion-psicoanalisis-hipnosis-1024x439.jpg 1024w\" sizes=\"auto, (max-width: 2067px) 100vw, 2067px\" \/><\/p>\n<h3>\u00bfPor qu\u00e9 hipnosis?<\/h3>\n<p>Porque funciona.<\/p>\n<p>Cuando nos relajamos y sentimos que estamos seguros, nuestro cuerpo se abre a recibir sugestiones.<\/p>\n<p>Si deseas cambiar tus h\u00e1bitos tenemos que ir a buscarlos all\u00ed donde viven, en la mente subconsciente.<\/p>\n<h3>\u00bfHay que creer en la hipnosis para que funcione?<\/h3>\n<p>La respuesta es no.<\/p>\n<p>Aunque no se crea, funciona. El \u00fanico requisito es tener la predisposici\u00f3n de probarla. No se puede hipnotizar a alguien que no quiera.<\/p>\n<p>Cuanto m\u00e1s se deja llevar uno, m\u00e1s control encuentra para dirigir su vida.<\/p>\n<h3>\u00bfQu\u00e9 se siente en la hipnosis?<\/h3>\n<p>La experiencia es individual para cada persona. As\u00ed como para algunos es una sensaci\u00f3n pesada en el cuerpo, para otros sin embargo es como volar. Todo es posible y m\u00e1gico.<\/p>\n<p>El com\u00fan denominador a todas las experiencias es el alivio del estr\u00e9s y la regeneraci\u00f3n del cuerpo.<\/p>\n<p>En realidad la hipnosis es un estado que todos conocemos, s\u00f3lo que no somos conscientes de ello.<\/p>\n<p>Durante la hipnosis se tiene siempre el control y nunca se hace o dice cosas que uno no quiera.<\/p>\n<h3>\u00bfPuede todo el mundo ser hiptonizado?<\/h3>\n<p>La respuesta es s\u00ed.<\/p>\n<p>Siempre que la persona quiera ser hipnotizada y no lo haga por imposici\u00f3n.<\/p>\n<h3>\u00bfC\u00f3mo se realiza un sesi\u00f3n de hipnosis?<\/h3>\n<p>En persona a trav\u00e9s de una sesi\u00f3n en consulta o tambi\u00e9n Online.<\/p>\n<div style=\"padding: 30px 0;\">\n<h2>Tipos de Hipnosis<\/h2>\n<\/div>\n<p>Las sesiones de hipnosis son dif\u00edciles de planear, puesto que son procesos que var\u00edan dependiendo de muchos factores. Por este motivo, se decide individualmente qu\u00e9 tipo de hipnosis es el m\u00e1s adecuado para cada situaci\u00f3n.<\/p>\n<h3><\/h3>\n<h3>Hipnosis anal\u00edtica<\/h3>\n<p>Tiene sus similitudes con el psicoan\u00e1lisis en el sentido en que se establece un di\u00e1logo entre terapeuta y cliente, mientras que \u00e9ste se encuentra en estado de trance.<\/p>\n<p>Durante la conversaci\u00f3n se trata el problema y se activan los recursos internos y la fuerza del cliente, haciendo que \u00e9ste perciba el problema desde otra perspectiva totalmente distinta.<\/p>\n<p>El proceso se refuerza a trav\u00e9s de sugestiones, que debido al estado trance, se integran muy f\u00e1cilmente en el sistema del cliente.<\/p>\n<h3>Simpson Protocol<\/h3>\n<p>Hipnosis sin palabras. Es una t\u00e9cnica creada por la canadiense Ines Simpson en la que se tratan los problemas sin la necesidad de hablar sobre ellos.<\/p>\n<p>La hipnosis se realiza en un estado profundo de relajaci\u00f3n llamado Esdaile en el que se utilzan las se\u00f1ales de los dedos como lenguaje de comunicaci\u00f3n con la mente subconsciente.<\/p>\n<p>Cada sesi\u00f3n dura m\u00e1s o menos 2 horas y generalmente bastan 2 sesiones para solucionar el problema.<\/p>\n<p>El no tener que explicar ni mencionar el problema hace de este m\u00e9todo una herramienta perfecta para muchos trastornos que son tab\u00fa o situaciones que no se sabe bien c\u00f3mo explicar.<\/p>\n<div class=\"entry-button\"><a class=\"button\" href=\"http:\/\/patricianebreda.com\/el-protocolo-simpson\/\">M\u00e1s informaci\u00f3n sobre el Simpson Protocol<\/a><\/div>\n<h3>Regresi\u00f3n a la causa. R2C (Regress to Cause)<\/h3>\n<p>Cada problema tiene un origen, pero \u00bfpodemos siempre acordarnos de cu\u00e1ndo se origin\u00f3?<\/p>\n<p>Nuestra mente subconsciente s\u00ed, puesto que se encarga de grabar todas las experiencias que vivimos para protegernos de futuros peligros. A veces, una falsa interpretaci\u00f3n de los hechos puede quedar grabada como un bloqueo o miedo durante mucho tiempo.<\/p>\n<p>La regresi\u00f3n permite volver a ese punto donde se origin\u00f3 el problema y tratar las emociones que se vivieron en ese momento para neutralizarlas.<\/p>\n<p>Una nueva interpretaci\u00f3n de los hechos ocurridos conlleva a una nueva forma de percibir la situaci\u00f3n, de sentir las emociones; lo que desemboca en nuevas formas de pensar y reaccionar.<\/p>\n","protected":false},"excerpt":{"rendered":"<p>En mi opini\u00f3n la hipnosis es meditaci\u00f3n con una meta. Es acceder al conductor de nuestra vida pasando la frontera del factor cr\u00edtico, un trabajador del subconsciente que vive en el consciente, cuyo trabajo es el de filtrar la informaci\u00f3n de fuera, analizarla y permitir el paso s\u00f3lo a aquello que considere cierto. La mente [&hellip;]<\/p>\n","protected":false},"author":1,"featured_media":0,"parent":9,"menu_order":0,"comment_status":"closed","ping_status":"closed","template":"","meta":{"footnotes":""},"class_list":{"0":"post-53","1":"page","2":"type-page","3":"status-publish","5":"entry"},"_links":{"self":[{"href":"https:\/\/patricianebreda.com\/es\/wp-json\/wp\/v2\/pages\/53","targetHints":{"allow":["GET"]}}],"collection":[{"href":"https:\/\/patricianebreda.com\/es\/wp-json\/wp\/v2\/pages"}],"about":[{"href":"https:\/\/patricianebreda.com\/es\/wp-json\/wp\/v2\/types\/page"}],"author":[{"embeddable":true,"href":"https:\/\/patricianebreda.com\/es\/wp-json\/wp\/v2\/users\/1"}],"replies":[{"embeddable":true,"href":"https:\/\/patricianebreda.com\/es\/wp-json\/wp\/v2\/comments?post=53"}],"version-history":[{"count":5,"href":"https:\/\/patricianebreda.com\/es\/wp-json\/wp\/v2\/pages\/53\/revisions"}],"predecessor-version":[{"id":201,"href":"https:\/\/patricianebreda.com\/es\/wp-json\/wp\/v2\/pages\/53\/revisions\/201"}],"up":[{"embeddable":true,"href":"https:\/\/patricianebreda.com\/es\/wp-json\/wp\/v2\/pages\/9"}],"wp:attachment":[{"href":"https:\/\/patricianebreda.com\/es\/wp-json\/wp\/v2\/media?parent=53"}],"curies":[{"name":"wp","href":"https:\/\/api.w.org\/{rel}","templated":true}]}}