{"id":5,"date":"2016-06-10T13:43:15","date_gmt":"2016-06-10T13:43:15","guid":{"rendered":"http:\/\/patricianebreda.com\/?page_id=5"},"modified":"2016-06-13T19:46:17","modified_gmt":"2016-06-13T19:46:17","slug":"tratamientos","status":"publish","type":"page","link":"https:\/\/patricianebreda.com\/es\/tratamientos\/","title":{"rendered":"Tratamientos"},"content":{"rendered":"<p><img loading=\"lazy\" decoding=\"async\" class=\"aligncenter size-full wp-image-6\" src=\"http:\/\/patricianebreda.com\/wp-content\/uploads\/2016\/06\/tratamientos-patricia-nebreda.jpg\" alt=\"problemas que pueden afectar a nuestra salud\" width=\"2500\" height=\"2222\" srcset=\"https:\/\/patricianebreda.com\/wp-content\/uploads\/2016\/06\/tratamientos-patricia-nebreda.jpg 2500w, https:\/\/patricianebreda.com\/wp-content\/uploads\/2016\/06\/tratamientos-patricia-nebreda-300x267.jpg 300w, https:\/\/patricianebreda.com\/wp-content\/uploads\/2016\/06\/tratamientos-patricia-nebreda-768x683.jpg 768w, https:\/\/patricianebreda.com\/wp-content\/uploads\/2016\/06\/tratamientos-patricia-nebreda-1024x910.jpg 1024w, https:\/\/patricianebreda.com\/wp-content\/uploads\/2016\/06\/tratamientos-patricia-nebreda-1200x1067.jpg 1200w\" sizes=\"auto, (max-width: 2500px) 100vw, 2500px\" \/><\/p>\n<p>Algunos de los trastornos que pueden estar\u00a0afectando\u00a0nuestra salud:<\/p>\n<table>\n<tbody>\n<tr>\n<th>Trastornos infantiles<\/th>\n<\/tr>\n<tr>\n<td>Adicciones (internet, playstation, m\u00f3vil, substancias t\u00f3xicas)<\/td>\n<\/tr>\n<tr>\n<td>Problemas de concentraci\u00f3n o estudio<\/td>\n<\/tr>\n<tr>\n<td>Enfrentamiento a acoso, bulling, etc<\/td>\n<\/tr>\n<tr>\n<td>Enuresis<\/td>\n<\/tr>\n<\/tbody>\n<\/table>\n<table>\n<tbody>\n<tr>\n<th>Infertilidad<\/th>\n<\/tr>\n<tr>\n<td>Dificultad para quedarse embarazada o tener embarazo de \u00e9xito<\/td>\n<\/tr>\n<\/tbody>\n<\/table>\n<table>\n<tbody>\n<tr>\n<th>Trastornos de ansiedad<\/th>\n<\/tr>\n<tr>\n<td>Miedos y fobias: Espec\u00edficas a alguna cosa, objeto, persona o animal<\/td>\n<\/tr>\n<tr>\n<td>Estr\u00e9s o ansiedad: crisis de ansiedad, ataques de p\u00e1nico, dificultad de respirar, hambre excesiva<\/td>\n<\/tr>\n<tr>\n<td>H\u00e1bitos nerviosos: tartamuedear, morderse las u\u00f1as, tics, etc<\/td>\n<\/tr>\n<\/tbody>\n<\/table>\n<table>\n<tbody>\n<tr>\n<th>TOC (Trastornos obsesivo-compulsivo)<\/th>\n<\/tr>\n<tr>\n<td>Repeticiones, man\u00edas, obsesiones<\/td>\n<\/tr>\n<\/tbody>\n<\/table>\n<table>\n<tbody>\n<tr>\n<th>Otros<\/th>\n<\/tr>\n<tr>\n<td>Insomnio<\/td>\n<\/tr>\n<tr>\n<td>Dejar de fumar<\/td>\n<\/tr>\n<tr>\n<td>Problemas de peso<\/td>\n<\/tr>\n<tr>\n<td>Acompa\u00f1amiento en dolores y enfermedades<\/td>\n<\/tr>\n<tr>\n<td>Baja autoestima<\/td>\n<\/tr>\n<tr>\n<td>Burn out<\/td>\n<\/tr>\n<tr>\n<td>Depresiones<\/td>\n<\/tr>\n<\/tbody>\n<\/table>\n<p>Que tu problema no aparezca mencionado no significa que la terapia no pueda ayudarte. Estoy a tu disposici\u00f3n para cualquier duda o pregunta que puedas tener.<\/p>\n<div style=\"text-align:center;\"><a class=\"button\" href=\"http:\/\/patricianebreda.com\/contacto\/\">Contacto<\/a><\/div>\n","protected":false},"excerpt":{"rendered":"<p>Algunos de los trastornos que pueden estar\u00a0afectando\u00a0nuestra salud: Trastornos infantiles Adicciones (internet, playstation, m\u00f3vil, substancias t\u00f3xicas) Problemas de concentraci\u00f3n o estudio Enfrentamiento a acoso, bulling, etc Enuresis Infertilidad Dificultad para quedarse embarazada o tener embarazo de \u00e9xito Trastornos de ansiedad Miedos y fobias: Espec\u00edficas a alguna cosa, objeto, persona o animal Estr\u00e9s o ansiedad: crisis [&hellip;]<\/p>\n","protected":false},"author":1,"featured_media":0,"parent":0,"menu_order":0,"comment_status":"closed","ping_status":"closed","template":"","meta":{"footnotes":""},"class_list":{"0":"post-5","1":"page","2":"type-page","3":"status-publish","5":"entry"},"_links":{"self":[{"href":"https:\/\/patricianebreda.com\/es\/wp-json\/wp\/v2\/pages\/5","targetHints":{"allow":["GET"]}}],"collection":[{"href":"https:\/\/patricianebreda.com\/es\/wp-json\/wp\/v2\/pages"}],"about":[{"href":"https:\/\/patricianebreda.com\/es\/wp-json\/wp\/v2\/types\/page"}],"author":[{"embeddable":true,"href":"https:\/\/patricianebreda.com\/es\/wp-json\/wp\/v2\/users\/1"}],"replies":[{"embeddable":true,"href":"https:\/\/patricianebreda.com\/es\/wp-json\/wp\/v2\/comments?post=5"}],"version-history":[{"count":6,"href":"https:\/\/patricianebreda.com\/es\/wp-json\/wp\/v2\/pages\/5\/revisions"}],"predecessor-version":[{"id":502,"href":"https:\/\/patricianebreda.com\/es\/wp-json\/wp\/v2\/pages\/5\/revisions\/502"}],"wp:attachment":[{"href":"https:\/\/patricianebreda.com\/es\/wp-json\/wp\/v2\/media?parent=5"}],"curies":[{"name":"wp","href":"https:\/\/api.w.org\/{rel}","templated":true}]}}