{"id":36,"date":"2016-06-10T14:00:13","date_gmt":"2016-06-10T14:00:13","guid":{"rendered":"http:\/\/patricianebreda.com\/?page_id=36"},"modified":"2016-09-30T12:24:25","modified_gmt":"2016-09-30T12:24:25","slug":"sobre-mi","status":"publish","type":"page","link":"https:\/\/patricianebreda.com\/es\/sobre-mi\/","title":{"rendered":"Sobre m\u00ed"},"content":{"rendered":"<div class=\"one-half first\">\n<p><img loading=\"lazy\" decoding=\"async\" class=\"aligncenter size-large wp-image-37\" src=\"http:\/\/patricianebreda.com\/wp-content\/uploads\/2016\/06\/patricia-nebreda-700x1024.jpg\" alt=\"Patricia Nebreda - Hipnosis, Coaching &amp; Terapias Energ\u00e9ticas\" width=\"700\" height=\"1024\" srcset=\"https:\/\/patricianebreda.com\/wp-content\/uploads\/2016\/06\/patricia-nebreda-700x1024.jpg 700w, https:\/\/patricianebreda.com\/wp-content\/uploads\/2016\/06\/patricia-nebreda-205x300.jpg 205w, https:\/\/patricianebreda.com\/wp-content\/uploads\/2016\/06\/patricia-nebreda-768x1123.jpg 768w, https:\/\/patricianebreda.com\/wp-content\/uploads\/2016\/06\/patricia-nebreda-1200x1754.jpg 1200w, https:\/\/patricianebreda.com\/wp-content\/uploads\/2016\/06\/patricia-nebreda.jpg 1535w\" sizes=\"auto, (max-width: 700px) 100vw, 700px\" \/><\/p>\n<\/div>\n<div class=\"one-half\">\n<p><strong>Mi nombre es Patricia Nebreda y soy terapeuta. <\/strong><br \/>\nSiempre sent\u00ed fascinaci\u00f3n por el mundo de la psicolog\u00eda, sin embargo no fue hasta que me traslad\u00e9 a vivir a Munich hace unos a\u00f1os que decid\u00ed en dedicarme al 100% a esta maravillosa profesi\u00f3n. Tras andar varios caminos buscando la manera de ayudar, por fin di con la manera de hacerlo. Para m\u00ed es un regalo el poder acompa\u00f1ar a las personas en su camino hacia la transformaci\u00f3n.<\/p>\n<p>A lo largo de mi carrera he comprobado que cambiando nuestros pensamientos nos transformamos a nosotros mismos y al mundo. La forma m\u00e1s r\u00e1pida y efectiva de hacerlo es accediendo a la mente subconsciente y cambiando all\u00ed los h\u00e1bitos que nos mantienen atrapados en estilos de vidas que nos agotan y en situaciones de angustia y estr\u00e9s.<\/p>\n<p>Cada d\u00eda que pasa estoy m\u00e1s convencida de que la verdadera libertad empieza en la mente. La libertad y la sanaci\u00f3n son derechos humanos inherentes a cada uno de nosotros.<\/p>\n<\/div>\n<p>&nbsp;<\/p>\n<table>\n<tbody>\n<tr>\n<th>Titulaci\u00f3n<\/th>\n<\/tr>\n<tr>\n<td>Terapeuta. Heilpraktikerin f\u00fcr Psychotherapie<\/td>\n<\/tr>\n<tr>\n<td>Hypnose Coach \/ Certified Consulting Hypnotist (NGH &#8211; National Guild of Hypnotists &#8211; Die NGH es la organizaci\u00f3n de Hipnosis m\u00e1s grande y antigua del mundo)<\/td>\n<\/tr>\n<tr>\n<td>Certificada en terapia r\u00e1pida transformadora RTT. M\u00e9todo de Marisa Peer<\/td>\n<\/tr>\n<tr>\n<td>Wingwave coach<\/td>\n<\/tr>\n<tr>\n<td>Certificada en el c\u00f3digo de la Emoci\u00f3n y c\u00f3digo del cuerpo (Emotion\/Body Code) por el Dr. Bradley Nelson.<\/td>\n<\/tr>\n<tr>\n<td>Certificada en T3 (Three Dimensional Therapie)<\/td>\n<\/tr>\n<tr>\n<td>Bioneuroemoci\u00f3n CP1 y CP2<\/td>\n<\/tr>\n<\/tbody>\n<\/table>\n<div class=\"certifications\">\n<div class=\"one-sixth first\"><img loading=\"lazy\" decoding=\"async\" src=\"http:\/\/patricianebreda.com\/wp-content\/uploads\/2016\/06\/wingwave-patricia-nebreda.jpg\" alt=\"wingwave certified - Patricia Nebreda\" width=\"250\" height=\"170\" class=\"aligncenter size-full wp-image-43\" \/><\/div>\n<div class=\"one-sixth\"><img loading=\"lazy\" decoding=\"async\" src=\"http:\/\/patricianebreda.com\/wp-content\/uploads\/2016\/06\/national-guild-of-hypnotists-patricia-nebreda-certified-hypnotherapist.jpg\" alt=\"National Guild of Hypnotists - Certified Hypnotherapist\" width=\"250\" height=\"170\" class=\"aligncenter size-full wp-image-42\" \/><\/div>\n<div class=\"one-sixth\"><img loading=\"lazy\" decoding=\"async\" src=\"http:\/\/patricianebreda.com\/wp-content\/uploads\/2016\/06\/klinische-hypnose-magdeburg-certified.jpg\" alt=\"Klinische Hypnose Magdeburg\" width=\"250\" height=\"170\" class=\"aligncenter size-full wp-image-41\" \/><\/div>\n<div class=\"one-sixth\"><img loading=\"lazy\" decoding=\"async\" src=\"http:\/\/patricianebreda.com\/wp-content\/uploads\/2016\/06\/heilpraktiker-psychotherapie-patricia-nebreda.jpg\" alt=\"Heilpraktikerin f\u00fcr Psychotherapie - Patricia Nebreda\" width=\"250\" height=\"170\" class=\"aligncenter size-full wp-image-40\" \/><\/div>\n<div class=\"one-sixth\"><img loading=\"lazy\" decoding=\"async\" src=\"http:\/\/patricianebreda.com\/wp-content\/uploads\/2016\/06\/emotion-code-certified-practitioner.jpg\" alt=\"emotion code certified practitioner\" width=\"250\" height=\"170\" class=\"aligncenter size-full wp-image-39\" \/><\/div>\n<div class=\"one-sixth\"><img loading=\"lazy\" decoding=\"async\" src=\"http:\/\/patricianebreda.com\/wp-content\/uploads\/2016\/06\/body-code-certified-practitioner.jpg\" alt=\"body code certified practitioner\" width=\"250\" height=\"170\" class=\"alignnone size-full wp-image-379\" \/><\/div>\n<\/div>\n<div class=\"certifications\">\n<p>Diplomas<\/p>\n<div class=\"one-fourth first\"><img loading=\"lazy\" decoding=\"async\" src=\"http:\/\/patricianebreda.com\/wp-content\/uploads\/2016\/06\/certified-hypnotherapist-national-guild-hypnotists.jpg\" alt=\"certified hypnotherapist national guild hypnotists\" width=\"800\" height=\"600\" class=\"aligncenter size-full wp-image-45\" srcset=\"https:\/\/patricianebreda.com\/wp-content\/uploads\/2016\/06\/certified-hypnotherapist-national-guild-hypnotists.jpg 800w, https:\/\/patricianebreda.com\/wp-content\/uploads\/2016\/06\/certified-hypnotherapist-national-guild-hypnotists-300x225.jpg 300w, https:\/\/patricianebreda.com\/wp-content\/uploads\/2016\/06\/certified-hypnotherapist-national-guild-hypnotists-768x576.jpg 768w\" sizes=\"auto, (max-width: 800px) 100vw, 800px\" \/><\/div>\n<div class=\"one-fourth\"><img loading=\"lazy\" decoding=\"async\" src=\"http:\/\/patricianebreda.com\/wp-content\/uploads\/2016\/06\/RTT-Certificate-Patricia-Nebreda-300x225.jpg\" alt=\"Rapid Transformational Therapy RTT. Marisa Peer Method\" width=\"300\" height=\"225\" class=\"alignnone size-medium wp-image-385\" \/><\/div>\n<div class=\"one-fourth\"><img loading=\"lazy\" decoding=\"async\" src=\"http:\/\/patricianebreda.com\/wp-content\/uploads\/2016\/06\/certified-hypnotherapist.jpg\" alt=\"certified hypnotherapist national guild hypnotists\" width=\"800\" height=\"600\" class=\"aligncenter size-full wp-image-46\" srcset=\"https:\/\/patricianebreda.com\/wp-content\/uploads\/2016\/06\/certified-hypnotherapist.jpg 800w, https:\/\/patricianebreda.com\/wp-content\/uploads\/2016\/06\/certified-hypnotherapist-300x225.jpg 300w, https:\/\/patricianebreda.com\/wp-content\/uploads\/2016\/06\/certified-hypnotherapist-768x576.jpg 768w\" sizes=\"auto, (max-width: 800px) 100vw, 800px\" \/><\/div>\n<div class=\"one-fourth\"><img loading=\"lazy\" decoding=\"async\" src=\"http:\/\/patricianebreda.com\/wp-content\/uploads\/2016\/06\/hypnose-blitzhypnose-magdeburg.jpg\" alt=\"Hypnose, Schnell &amp; Blitzhypnose - Magdeburg\" width=\"800\" height=\"600\" class=\"aligncenter size-full wp-image-47\" srcset=\"https:\/\/patricianebreda.com\/wp-content\/uploads\/2016\/06\/hypnose-blitzhypnose-magdeburg.jpg 800w, https:\/\/patricianebreda.com\/wp-content\/uploads\/2016\/06\/hypnose-blitzhypnose-magdeburg-300x225.jpg 300w, https:\/\/patricianebreda.com\/wp-content\/uploads\/2016\/06\/hypnose-blitzhypnose-magdeburg-768x576.jpg 768w\" sizes=\"auto, (max-width: 800px) 100vw, 800px\" \/><\/div>\n<div class=\"one-fourth first\"><img loading=\"lazy\" decoding=\"async\" src=\"http:\/\/patricianebreda.com\/wp-content\/uploads\/2016\/06\/hypnosetherapie-hypnoanalyse-ausbildung.jpg\" alt=\"Hypnosetherapie &amp; Hypnoanalyse - Magdeburg\" width=\"800\" height=\"600\" class=\"aligncenter size-full wp-image-48\" srcset=\"https:\/\/patricianebreda.com\/wp-content\/uploads\/2016\/06\/hypnosetherapie-hypnoanalyse-ausbildung.jpg 800w, https:\/\/patricianebreda.com\/wp-content\/uploads\/2016\/06\/hypnosetherapie-hypnoanalyse-ausbildung-300x225.jpg 300w, https:\/\/patricianebreda.com\/wp-content\/uploads\/2016\/06\/hypnosetherapie-hypnoanalyse-ausbildung-768x576.jpg 768w\" sizes=\"auto, (max-width: 800px) 100vw, 800px\" \/><\/div>\n<div class=\"one-fourth\"><img loading=\"lazy\" decoding=\"async\" src=\"http:\/\/patricianebreda.com\/wp-content\/uploads\/2016\/06\/induction-mastery-hypnosis-script-killing.jpg\" alt=\"Induction Mastery &amp; Script Killing Hypnosis\" width=\"800\" height=\"600\" class=\"aligncenter size-full wp-image-49\" srcset=\"https:\/\/patricianebreda.com\/wp-content\/uploads\/2016\/06\/induction-mastery-hypnosis-script-killing.jpg 800w, https:\/\/patricianebreda.com\/wp-content\/uploads\/2016\/06\/induction-mastery-hypnosis-script-killing-300x225.jpg 300w, https:\/\/patricianebreda.com\/wp-content\/uploads\/2016\/06\/induction-mastery-hypnosis-script-killing-768x576.jpg 768w\" sizes=\"auto, (max-width: 800px) 100vw, 800px\" \/><\/div>\n<div class=\"one-fourth\"><img loading=\"lazy\" decoding=\"async\" src=\"http:\/\/patricianebreda.com\/wp-content\/uploads\/2016\/06\/pnl-hipnosis-ericksoniana-bioneuroemocion.jpg\" alt=\"PNL e Hipnosis Ericksoniana aplicadas a la Bioneuroemocion\" width=\"800\" height=\"600\" class=\"aligncenter size-full wp-image-50\" srcset=\"https:\/\/patricianebreda.com\/wp-content\/uploads\/2016\/06\/pnl-hipnosis-ericksoniana-bioneuroemocion.jpg 800w, https:\/\/patricianebreda.com\/wp-content\/uploads\/2016\/06\/pnl-hipnosis-ericksoniana-bioneuroemocion-300x225.jpg 300w, https:\/\/patricianebreda.com\/wp-content\/uploads\/2016\/06\/pnl-hipnosis-ericksoniana-bioneuroemocion-768x576.jpg 768w\" sizes=\"auto, (max-width: 800px) 100vw, 800px\" \/><\/div>\n<div class=\"one-fourth\"><img loading=\"lazy\" decoding=\"async\" src=\"http:\/\/patricianebreda.com\/wp-content\/uploads\/2016\/06\/simpson-protocol-patricia-nebreda.jpg\" alt=\"Simpson Protocol - Patricia Nebreda\" width=\"800\" height=\"600\" class=\"aligncenter size-full wp-image-51\" srcset=\"https:\/\/patricianebreda.com\/wp-content\/uploads\/2016\/06\/simpson-protocol-patricia-nebreda.jpg 800w, https:\/\/patricianebreda.com\/wp-content\/uploads\/2016\/06\/simpson-protocol-patricia-nebreda-300x225.jpg 300w, https:\/\/patricianebreda.com\/wp-content\/uploads\/2016\/06\/simpson-protocol-patricia-nebreda-768x576.jpg 768w\" sizes=\"auto, (max-width: 800px) 100vw, 800px\" \/><\/div>\n<div class=\"one-fourth first\"><img loading=\"lazy\" decoding=\"async\" src=\"http:\/\/patricianebreda.com\/wp-content\/uploads\/2016\/06\/Body-Code-patricia-nebreda-300x225.jpg\" alt=\"body code certified practitioner - Patricia Nebreda\" width=\"300\" height=\"225\" class=\"alignnone size-medium wp-image-387\" \/><\/div>\n<\/div>\n","protected":false},"excerpt":{"rendered":"<p>Mi nombre es Patricia Nebreda y soy terapeuta. Siempre sent\u00ed fascinaci\u00f3n por el mundo de la psicolog\u00eda, sin embargo no fue hasta que me traslad\u00e9 a vivir a Munich hace unos a\u00f1os que decid\u00ed en dedicarme al 100% a esta maravillosa profesi\u00f3n. Tras andar varios caminos buscando la manera de ayudar, por fin di con [&hellip;]<\/p>\n","protected":false},"author":1,"featured_media":0,"parent":0,"menu_order":0,"comment_status":"closed","ping_status":"closed","template":"","meta":{"footnotes":""},"class_list":{"0":"post-36","1":"page","2":"type-page","3":"status-publish","5":"entry"},"_links":{"self":[{"href":"https:\/\/patricianebreda.com\/es\/wp-json\/wp\/v2\/pages\/36","targetHints":{"allow":["GET"]}}],"collection":[{"href":"https:\/\/patricianebreda.com\/es\/wp-json\/wp\/v2\/pages"}],"about":[{"href":"https:\/\/patricianebreda.com\/es\/wp-json\/wp\/v2\/types\/page"}],"author":[{"embeddable":true,"href":"https:\/\/patricianebreda.com\/es\/wp-json\/wp\/v2\/users\/1"}],"replies":[{"embeddable":true,"href":"https:\/\/patricianebreda.com\/es\/wp-json\/wp\/v2\/comments?post=36"}],"version-history":[{"count":9,"href":"https:\/\/patricianebreda.com\/es\/wp-json\/wp\/v2\/pages\/36\/revisions"}],"predecessor-version":[{"id":390,"href":"https:\/\/patricianebreda.com\/es\/wp-json\/wp\/v2\/pages\/36\/revisions\/390"}],"wp:attachment":[{"href":"https:\/\/patricianebreda.com\/es\/wp-json\/wp\/v2\/media?parent=36"}],"curies":[{"name":"wp","href":"https:\/\/api.w.org\/{rel}","templated":true}]}}