{"id":297,"date":"2016-06-14T09:45:45","date_gmt":"2016-06-14T09:45:45","guid":{"rendered":"http:\/\/patricianebreda.com\/?page_id=297"},"modified":"2016-06-14T11:15:12","modified_gmt":"2016-06-14T11:15:12","slug":"aviso-legal","status":"publish","type":"page","link":"https:\/\/patricianebreda.com\/es\/aviso-legal\/","title":{"rendered":"Aviso legal"},"content":{"rendered":"<h3>Gestionado por:<\/h3>\n<p>Patricia Nebreda<br \/>\nTerapeuta<\/p>\n<p>Sendlinger Str. 23<br \/>\n80331 M\u00fcnchen<\/p>\n<p>+49 176 32549330<br \/>\npatricia@patricianebreda.com<br \/>\nwww.patricianebreda.com<\/p>\n<h3>Profesi\u00f3n<\/h3>\n<p>Terapeuta<br \/>\nAprobado el ejercicio de la actividad como terapueta por las leyes de la Rep\u00fablica federal de Alemania. <\/p>\n<h3>Autoridad supervisora<\/h3>\n<p>M\u00fanich<br \/>\nReferat f\u00fcr Gesundheit und Umwelt<br \/>\nDachauer Stra\u00dfe 90<br \/>\n80335 Munich<\/p>\n<h3>Permiso para practicar la terapia en el area de la psicoterapia<\/h3>\n<p>Permiso en el arte de curar conforme a la ley \u00a7 1 Abs. 1 des Gesetzes \u00fcber die Aus\u00fcbung der Heilkunde ohne Bestallung (Heilpraktikergesetz) de 17.2.1939 (RGBI. I S. 251, BGBI. III 2122-2) <\/p>\n<h3>Seguro de responsabilidad profesional<\/h3>\n<p>El n\u00famero del seguro es 190450133. Compa\u00f1\u00eda aseguradora: Continentale Sachversicherung AG, Ruhrallee 92, 44139 Dortmund<br \/>\nTel\u00e9fono: 0049231\/919-0, Telefax: 0049231\/919-3255<br \/>\nV\u00e1lido en Alemania, con restricciones en el extranjero.<\/p>\n<h3>Asociaci\u00f3n profesional<\/h3>\n<p>Miembro de la Verband Freier Psychotherapeuten, Heilpraktiker f\u00fcr Psychotherapie und Psychologischer Berater e.V. <\/p>\n<h3>Protecci\u00f3n de datos<\/h3>\n<p>Como gestora de esta p\u00e1gina los datos que aqu\u00ed se compartan no se distribuir\u00e1n a terceros en ninguna forma. <\/p>\n<h3>Derecho de propiedad intelectual<\/h3>\n<p>El contenido de esta p\u00e1gina est\u00e1 sujeto a las leyes alemanas. <\/p>\n<h3>Registro de los textos<\/h3>\n<p>Los textos han sido escritos por Patricia Nebreda. En caso de que as\u00ed no sea la fuente aparecer\u00e1 mencionada.<\/p>\n<h3>Registro de las fotograf\u00edas<\/h3>\n<p>\u00a9 Willkommen\/ Portr\u00e4t (Patricia Nebreda): Lichtmalerei<br \/>\n\u00a9 Aktuelles\/ Termine\/ Bluete: Patricia Nebreda<\/p>\n<h3>Creaci\u00f3n y programaci\u00f3n de la p\u00e1gina web<\/h3>\n<p>N\u00e1yade Berm\u00fadez Brito<\/p>\n<h3>Nota aclaratoria<\/h3>\n<p>A pesar de controlar el contenido de la p\u00e1gina regularmente no asumo la responsabilidad sobre el contenido en links exteriores a este sitio. La responsabilidad pertenece al due\u00f1o de dicha p\u00e1gina exterior.<br \/>\nPara evitar malentendidos innecesarios, por favor p\u00f3nganse en contacto conmigo, en caso de haber alg\u00fan problema, para solucionar el posible conflicto de la manera m\u00e1s r\u00e1pida y efectiva posible.<\/p>\n","protected":false},"excerpt":{"rendered":"<p>Gestionado por: Patricia Nebreda Terapeuta Sendlinger Str. 23 80331 M\u00fcnchen +49 176 32549330 patricia@patricianebreda.com www.patricianebreda.com Profesi\u00f3n Terapeuta Aprobado el ejercicio de la actividad como terapueta por las leyes de la Rep\u00fablica federal de Alemania. Autoridad supervisora M\u00fanich Referat f\u00fcr Gesundheit und Umwelt Dachauer Stra\u00dfe 90 80335 Munich Permiso para practicar la terapia en el area [&hellip;]<\/p>\n","protected":false},"author":2,"featured_media":0,"parent":0,"menu_order":0,"comment_status":"closed","ping_status":"closed","template":"","meta":{"footnotes":""},"class_list":{"0":"post-297","1":"page","2":"type-page","3":"status-publish","5":"entry"},"_links":{"self":[{"href":"https:\/\/patricianebreda.com\/es\/wp-json\/wp\/v2\/pages\/297","targetHints":{"allow":["GET"]}}],"collection":[{"href":"https:\/\/patricianebreda.com\/es\/wp-json\/wp\/v2\/pages"}],"about":[{"href":"https:\/\/patricianebreda.com\/es\/wp-json\/wp\/v2\/types\/page"}],"author":[{"embeddable":true,"href":"https:\/\/patricianebreda.com\/es\/wp-json\/wp\/v2\/users\/2"}],"replies":[{"embeddable":true,"href":"https:\/\/patricianebreda.com\/es\/wp-json\/wp\/v2\/comments?post=297"}],"version-history":[{"count":2,"href":"https:\/\/patricianebreda.com\/es\/wp-json\/wp\/v2\/pages\/297\/revisions"}],"predecessor-version":[{"id":302,"href":"https:\/\/patricianebreda.com\/es\/wp-json\/wp\/v2\/pages\/297\/revisions\/302"}],"wp:attachment":[{"href":"https:\/\/patricianebreda.com\/es\/wp-json\/wp\/v2\/media?parent=297"}],"curies":[{"name":"wp","href":"https:\/\/api.w.org\/{rel}","templated":true}]}}