{"id":22,"date":"2016-06-10T13:33:37","date_gmt":"2016-06-10T13:33:37","guid":{"rendered":"http:\/\/patricianebreda.com\/?page_id=22"},"modified":"2016-06-11T15:35:31","modified_gmt":"2016-06-11T15:35:31","slug":"meditacion-para-ayudar-al-mundo","status":"publish","type":"page","link":"https:\/\/patricianebreda.com\/es\/meditacion-para-ayudar-al-mundo\/","title":{"rendered":"Meditaci\u00f3n para ayudar al mundo"},"content":{"rendered":"<p><strong>Dona tu pensamiento en\u00e9rgetico, lo m\u00e1s valioso del mundo<\/strong><\/p>\n<p>El mundo de hoy parece que se ha vuelto loco con todas estas guerras, gobiernos corruptos, refugiados que no son aceptados, crisis ec\u00f3nomicas y familias que no llegan a final de mes.<\/p>\n<p>Parece que hay tanto por hacer, sin embargo a veces no sabemos c\u00f3mo ayudar; no disponemos de la suficiente informaci\u00f3n, tiempo, recursos&#8230;<\/p>\n<p>S\u00ed hay una manera de hacerlo. Incluso sin salir de casa, sin gastar o tener que investigar. Una manera f\u00e1cil y muy efectiva que puede cambiar este mundo y hacerlo un lugar mas pac\u00edfico y bello donde habitar.<\/p>\n<p>\u00a1A trav\u00e9s de las meditaciones ONE ayudas al mundo y te ayudas a t\u00ed mismo; porque somos uno, una maravillosa familia!<\/p>\n<blockquote>\n<h3>Dona Meditaciones: El planeta necesita un cambio clim\u00e1tico de emociones y creencias.<\/h3>\n<\/blockquote>\n<p>Compartamos unos momentos 2 veces al mes para meditar todos juntos y contribuir a que estas situaciones sean m\u00e1s livianas para las personas afectadas.<\/p>\n<p>El poder del pensamiento crea (no es casualidad que el verbo crear signifique creer y crear algo). \u00a1Utilic\u00e9moslo para crear todos algo bonito!<\/p>\n<p>Estamos acostumbrados a utilizar el pensamiento para regocijarnos en nuestros problemas, preocupaciones y limitaciones. \u00bfPor qu\u00e9 no emplear unos momentos y desviar la mirada a otro lugar? \u00bfUtilizar esa maravillosa herramienta del cerebro en crear algo maravilloso para beneficiar al mundo y a nosotros mismos?<\/p>\n<p>\u00a1Te emplazo a que lo pruebes!<\/p>\n<p>Las meditaciones se realizaran por <a href=\"https:\/\/www.periscope.tv\/patricianebreda\" target=\"_blank\">Periscope<\/a>. Si no conoces la aplicaci\u00f3n te animo a que te la bajes. Es una maravillosa forma de tener contacto con todas partes del mundo en directo.<\/p>\n<p><strong>La cita ser\u00e1 el \u00faltimo domingo de cada mes a las 21:00.<\/strong><\/p>\n<p>\u00a1Porque tu papel en esta sociedad es muy importante! El mundo necesita tu luz, no te la guardes para t\u00ed solo.<\/p>\n<p>\u00a1Saca todo tu potencial y comp\u00e1rtelo!\u00a0Ser\u00eda un crimen si no lo hicieras, eres demasiado importante.<\/p>\n<p>&nbsp;<\/p>\n","protected":false},"excerpt":{"rendered":"<p>Dona tu pensamiento en\u00e9rgetico, lo m\u00e1s valioso del mundo El mundo de hoy parece que se ha vuelto loco con todas estas guerras, gobiernos corruptos, refugiados que no son aceptados, crisis ec\u00f3nomicas y familias que no llegan a final de mes. Parece que hay tanto por hacer, sin embargo a veces no sabemos c\u00f3mo ayudar; [&hellip;]<\/p>\n","protected":false},"author":1,"featured_media":0,"parent":0,"menu_order":0,"comment_status":"closed","ping_status":"closed","template":"","meta":{"footnotes":""},"class_list":{"0":"post-22","1":"page","2":"type-page","3":"status-publish","5":"entry"},"_links":{"self":[{"href":"https:\/\/patricianebreda.com\/es\/wp-json\/wp\/v2\/pages\/22","targetHints":{"allow":["GET"]}}],"collection":[{"href":"https:\/\/patricianebreda.com\/es\/wp-json\/wp\/v2\/pages"}],"about":[{"href":"https:\/\/patricianebreda.com\/es\/wp-json\/wp\/v2\/types\/page"}],"author":[{"embeddable":true,"href":"https:\/\/patricianebreda.com\/es\/wp-json\/wp\/v2\/users\/1"}],"replies":[{"embeddable":true,"href":"https:\/\/patricianebreda.com\/es\/wp-json\/wp\/v2\/comments?post=22"}],"version-history":[{"count":1,"href":"https:\/\/patricianebreda.com\/es\/wp-json\/wp\/v2\/pages\/22\/revisions"}],"predecessor-version":[{"id":23,"href":"https:\/\/patricianebreda.com\/es\/wp-json\/wp\/v2\/pages\/22\/revisions\/23"}],"wp:attachment":[{"href":"https:\/\/patricianebreda.com\/es\/wp-json\/wp\/v2\/media?parent=22"}],"curies":[{"name":"wp","href":"https:\/\/api.w.org\/{rel}","templated":true}]}}