{"id":214,"date":"2016-06-13T10:24:15","date_gmt":"2016-06-13T10:24:15","guid":{"rendered":"http:\/\/patricianebreda.com\/?page_id=214"},"modified":"2016-06-15T17:08:12","modified_gmt":"2016-06-15T17:08:12","slug":"home","status":"publish","type":"page","link":"https:\/\/patricianebreda.com\/es\/","title":{"rendered":"Home"},"content":{"rendered":"<div id=\"front-page-1\" class=\"front-page-1\">\n<div class=\"widget-area\">\n<div class=\"wrap\">\n<section id=\"text-3\" class=\"widget widget_text\">\n<div class=\"widget-wrap\">\n<div class=\"textwidget\">\n<h4 class=\"widget-title widgettitle\">Aquel que mira afuera, sue\u00f1a. <br \/>Qui\u00e9n mira en su interior, despierta.<\/h4>\n<p>Tu visi\u00f3n devendr\u00e1 m\u00e1s clara solamente cuando mires dentro de tu coraz\u00f3n. <span>&#8211; C.G. Jung<\/span><\/p>\n<p><a class=\"button\" href=\"http:\/\/patricianebreda.com\/contacto\/\">\u00bfa qu\u00e9 esperas?<\/a><\/div>\n<\/p><\/div>\n<\/section>\n<\/div>\n<\/div>\n<\/div>\n<div id=\"front-page-2\" class=\"front-page-2\">\n<div class=\"widget-area widget-full\">\n<div class=\"wrap\">\n<section id=\"text-4\" class=\"widget widget_text\">\n<div class=\"widget-wrap\">\n<h4 class=\"widget-title widgettitle\">Eres todo aquello que decidas ser.<\/h4>\n<div class=\"textwidget\">Eres todo lo que es, tus pensamientos, tu vida, tus sue\u00f1os hechos realidad.<\/br>Eres todo aquello que decidas ser.<\/br>Tienes un potencial ilimitado como el universo en el que habitas.<\/div>\n<\/p><\/div>\n<\/section>\n<\/div>\n<\/div>\n<\/div>\n<div id=\"front-page-3\" class=\"front-page-3\">\n<div class=\"widget-area\">\n<div class=\"wrap\">\n<section id=\"text-5\" class=\"widget widget_text\">\n<div class=\"widget-wrap\">\n<div class=\"textwidget\">\n<p>Si esto es cierto,<\/p>\n<p>\u00bfc\u00f3mo puede ser que las cosas no salgan de la manera que deseamos?<\/p>\n<p>\u00bfPor qu\u00e9 hay personas que cada d\u00eda son m\u00e1s felices, m\u00e1s productivas y se sienten m\u00e1s realizadas mientras otras luchan cada d\u00eda por salir de su depresi\u00f3n?<\/p>\n<p>\u00bfPor qu\u00e9 motivo los libros, conferencias y seminarios sobre soluciones que decidimos aplicar no funcionan?<\/p>\n<\/div><\/div>\n<\/section>\n<\/div>\n<\/div>\n<\/div>\n<div id=\"front-page-4\" class=\"front-page-4\">\n<div class=\"widget-area\">\n<div class=\"wrap\">\n<section id=\"text-9\" class=\"widget widget_text\">\n<div class=\"widget-wrap\">\n<h4 class=\"widget-title widgettitle\">La respuesta es por algo que todos hemos pasado por alto<\/h4>\n<div class=\"textwidget\">\n<p>No sabemos como funciona la mente ni lo que hay grabado en ella.<\/p>\n<\/p><\/div>\n<\/p><\/div>\n<\/section>\n<\/div>\n<\/div>\n<\/div>\n<div id=\"front-page-5\" class=\"front-page-5\">\n<div class=\"widget-area\">\n<div class=\"wrap\">\n<section id=\"text-10\" class=\"widget widget_text\">\n<div class=\"widget-wrap\">\n<h4 class=\"widget-title widgettitle\">La mente humana es capaz de hacer y conseguir todo lo que desees.<\/h4>\n<div class=\"textwidget\">\n<p>Tan s\u00f3lo hay que saber como tratarla. <\/p>\n<\/div><\/div>\n<\/section>\n<\/div>\n<\/div>\n<\/div>\n<div id=\"front-page-6\" class=\"front-page-6\">\n<div class=\"flexible-widgets widget-area widget-full\">\n<div class=\"wrap\">\n<section id=\"text-18\" class=\"widget widget_text\">\n<div class=\"widget-wrap\">\n<div class=\"textwidget\">\n<p>Uno de los pasos para acceder a esa mente subsconciente es a trav\u00e9s de la relajaci\u00f3n y la hipnosis.<\/p>\n<p>S\u00f3lo cuando estamos relajados y seguros podemos acceder a ese tesoro y utilizarlo a nuestro favor. <\/p>\n<\/div><\/div>\n<\/section>\n<\/div>\n<\/div>\n<\/div>\n<div id=\"front-page-7\" class=\"front-page-7\">\n<div class=\"flexible-widgets widget-area widget-thirds\">\n<div class=\"wrap\">\n<section id=\"text-12\" class=\"widget widget_text\">\n<div class=\"widget-wrap\">\n<h4 class=\"widget-title widgettitle\">Tasas de recuperaci\u00f3n<\/h4>\n<div class=\"textwidget\"><\/div>\n<\/p><\/div>\n<\/section>\n<section id=\"text-13\" class=\"widget widget_text\">\n<div class=\"widget-wrap\">\n<div class=\"textwidget\"><span class=\"seventy-two-title\">Psicoan\u00e1lisis<\/span><br \/><span class=\"seventy-two\">38%<\/span><br \/>600 sesiones<\/div>\n<\/p><\/div>\n<\/section>\n<section id=\"text-14\" class=\"widget widget_text\">\n<div class=\"widget-wrap\">\n<div class=\"textwidget\"><span class=\"seventy-two-title\">Terapia Conductual<\/span><br \/><span class=\"seventy-two\">72%<\/span><br \/>22 sesiones<\/div>\n<\/p><\/div>\n<\/section>\n<section id=\"text-15\" class=\"widget widget_text\">\n<div class=\"widget-wrap\">\n<div class=\"textwidget\"><span class=\"seventy-two-title\">Hipnosis Cl\u00ednica<\/span><br \/><span class=\"seventy-two\">93%<\/span><br \/>6 sesiones<\/div>\n<\/p><\/div>\n<\/section>\n<\/div>\n<\/div>\n<\/div>\n<div id=\"front-page-8\" class=\"front-page-8\">\n<div class=\"flexible-widgets widget-area widget-full\">\n<div class=\"wrap\">\n<section id=\"text-16\" class=\"widget widget_text\">\n<div class=\"widget-wrap\">\n<div class=\"textwidget\">\n<p>\u00a1Hoy puede ser el d\u00eda en que todo cambie!<\/p>\n<p><a class=\"button\" href=\"http:\/\/patricianebreda.com\/contacto\/\">Da el primer paso<\/a><\/div>\n<\/p><\/div>\n<\/section>\n<\/div>\n<\/div>\n<\/div>\n","protected":false},"excerpt":{"rendered":"<p>Aquel que mira afuera, sue\u00f1a. Qui\u00e9n mira en su interior, despierta. Tu visi\u00f3n devendr\u00e1 m\u00e1s clara solamente cuando mires dentro de tu coraz\u00f3n. &#8211; C.G. Jung \u00bfa qu\u00e9 esperas? Eres todo aquello que decidas ser. Eres todo lo que es, tus pensamientos, tu vida, tus sue\u00f1os hechos realidad.Eres todo aquello que decidas ser.Tienes un potencial [&hellip;]<\/p>\n","protected":false},"author":1,"featured_media":0,"parent":0,"menu_order":0,"comment_status":"closed","ping_status":"closed","template":"","meta":{"footnotes":""},"class_list":{"0":"post-214","1":"page","2":"type-page","3":"status-publish","5":"entry"},"_links":{"self":[{"href":"https:\/\/patricianebreda.com\/es\/wp-json\/wp\/v2\/pages\/214","targetHints":{"allow":["GET"]}}],"collection":[{"href":"https:\/\/patricianebreda.com\/es\/wp-json\/wp\/v2\/pages"}],"about":[{"href":"https:\/\/patricianebreda.com\/es\/wp-json\/wp\/v2\/types\/page"}],"author":[{"embeddable":true,"href":"https:\/\/patricianebreda.com\/es\/wp-json\/wp\/v2\/users\/1"}],"replies":[{"embeddable":true,"href":"https:\/\/patricianebreda.com\/es\/wp-json\/wp\/v2\/comments?post=214"}],"version-history":[{"count":6,"href":"https:\/\/patricianebreda.com\/es\/wp-json\/wp\/v2\/pages\/214\/revisions"}],"predecessor-version":[{"id":318,"href":"https:\/\/patricianebreda.com\/es\/wp-json\/wp\/v2\/pages\/214\/revisions\/318"}],"wp:attachment":[{"href":"https:\/\/patricianebreda.com\/es\/wp-json\/wp\/v2\/media?parent=214"}],"curies":[{"name":"wp","href":"https:\/\/api.w.org\/{rel}","templated":true}]}}