{"id":16,"date":"2016-06-10T13:38:43","date_gmt":"2016-06-10T13:38:43","guid":{"rendered":"http:\/\/patricianebreda.com\/?page_id=16"},"modified":"2016-06-11T15:32:50","modified_gmt":"2016-06-11T15:32:50","slug":"el-protocolo-simpson","status":"publish","type":"page","link":"https:\/\/patricianebreda.com\/es\/el-protocolo-simpson\/","title":{"rendered":"El Protocolo Simpson"},"content":{"rendered":"<ul class=\"checkmark\">\n<li>\u00bfQuieres salir de esa situaci\u00f3n actual en tu vida, sin embargo no sabes c\u00f3mo ni el motivo por el que sigues ah\u00ed?<\/li>\n<li>\u00bfHa pasado tanto tiempo que ya ni recuerdas cu\u00e1ndo empezaron los primeros s\u00edntomas?<\/li>\n<li>\u00bfTienes la sensaci\u00f3n de que nadie te entender\u00eda si contases tu problema?<\/li>\n<li>\u00bfEst\u00e1s cansado\/a de explicar siempre la misma historia sin que nada cambie?<\/li>\n<li>\u00bfC\u00f3mo romper por fin la barrera y empezar a ser libre?<\/li>\n<\/ul>\n<p>Hay temas que nos afectan tanto que no queremos ni emplear una sola palabra en hablar de ellos.<\/p>\n<p>Abrirse a alguien para compartir cosas tan \u00edntimas se convierte en un obst\u00e1culo hacia la superaci\u00f3n de dicho problema.<\/p>\n<p>A veces, incluso nos da la sensaci\u00f3n que hemos contado tantas veces la misma historia que ni tan siquiera queda el m\u00e1s m\u00ednimo atisbo de esperanza de alcanzar algo mejor!<\/p>\n<ul class=\"checkmark\">\n<li>\u00bfQu\u00e9 podemos hacer en estas situaciones?<\/li>\n<li>\u00bfC\u00f3mo salir de relaciones, trabajos, estilos de vida que ni si quiera sabemos c\u00f3mo comenzaron ni el motivo por el que seguimos all\u00ed?<\/li>\n<li>\u00bfQu\u00e9 nos paraliza?<\/li>\n<li>\u00bfC\u00f3mo explicar lo que nos pasa?<\/li>\n<\/ul>\n<blockquote><p>Si este es tu caso tengo una buena noticia.<br \/>\nHay una soluci\u00f3n.<\/p>\n<p>El Protocolo Simpson.<\/p><\/blockquote>\n<p>A trav\u00e9s de este tipo de hipnosis no hace falta contar el problema. La sesi\u00f3n se realiza a trav\u00e9s de la comunicaci\u00f3n directa con la mente subconsciente, aquella que verdaderamente sabe lo que est\u00e1 pasando.<\/p>\n<p>En este tipo de hipnosis se trabaja en un estado mas profundo de hipnosis llamado Esdaile y la comunicaci\u00f3n con la mente subconsciente se realiza a trav\u00e9s de los dedos, por lo que no es necesario hablar.<\/p>\n<h3>\u00bfQu\u00e9 es exactamente el Simpson Protocol?<\/h3>\n<p>Este m\u00e9todo fue desarrollado hace unos a\u00f1os por Ines Simpson, una hipnoterapeuta canadiense que tras trabajar con muchos clientes descubri\u00f3 que era posible tratar los problemas en estado de Esdaile.<\/p>\n<p>El estado Esdaile debe su nombre al Doctor James Esdaile, quien en el siglo XIX operaba a sus pacientes sin anestesia, induci\u00e9ndolos en un estado hipn\u00f3tico con el fin de que no experimentaran dolor.<\/p>\n<p>En esta \u00e9poca a\u00fan no exist\u00eda la anestesia y el 50% de los pacientes mor\u00edan en las intervenciones que se les realizaban. Sin embargo los pacientes que operaba el Dr. Esdaile, que llegaron a ser m\u00e1s de 1000, sobrevivieron todos. Con el tiempo se denomin\u00f3 a esta estado \u201ecoma hipn\u00f3tico\u201c.<\/p>\n<p>Ines Simpson consigui\u00f3 encontrar el modo de que sus clientes llegaran a este estado en la primera sesi\u00f3n. Aunque la mente consciente (esa voz que no para de hablar) est\u00e1 siempre vigilando, es posible apartarla unos momentos en este estado para establecer comunicaci\u00f3n con las instancias superiores como la intuici\u00f3n, la consciencia superior, etc.<\/p>\n<p>Este suave e intuitivo m\u00e9todo permite trabajar temas de todos los tipos cubriendo todos los niveles de sanaci\u00f3n posibles e incluso muchas veces sin que la consciencia tenga que revivir nada.<\/p>\n<p>\u00a1Estoy orgullosa de ser una de las pocas terapeutas que hasta el d\u00eda de hoy trabajan con este m\u00e9todo!<\/p>\n<h3 style=\"text-align: center;\"><a class=\"button\" href=\"http:\/\/patricianebreda.com\/contacto\/\">\u00a1Recupera tu poder!<\/a><\/h3>\n","protected":false},"excerpt":{"rendered":"<p>\u00bfQuieres salir de esa situaci\u00f3n actual en tu vida, sin embargo no sabes c\u00f3mo ni el motivo por el que sigues ah\u00ed? \u00bfHa pasado tanto tiempo que ya ni recuerdas cu\u00e1ndo empezaron los primeros s\u00edntomas? \u00bfTienes la sensaci\u00f3n de que nadie te entender\u00eda si contases tu problema? \u00bfEst\u00e1s cansado\/a de explicar siempre la misma historia [&hellip;]<\/p>\n","protected":false},"author":1,"featured_media":0,"parent":0,"menu_order":0,"comment_status":"closed","ping_status":"closed","template":"page_landing.php","meta":{"footnotes":""},"class_list":{"0":"post-16","1":"page","2":"type-page","3":"status-publish","5":"entry"},"_links":{"self":[{"href":"https:\/\/patricianebreda.com\/es\/wp-json\/wp\/v2\/pages\/16","targetHints":{"allow":["GET"]}}],"collection":[{"href":"https:\/\/patricianebreda.com\/es\/wp-json\/wp\/v2\/pages"}],"about":[{"href":"https:\/\/patricianebreda.com\/es\/wp-json\/wp\/v2\/types\/page"}],"author":[{"embeddable":true,"href":"https:\/\/patricianebreda.com\/es\/wp-json\/wp\/v2\/users\/1"}],"replies":[{"embeddable":true,"href":"https:\/\/patricianebreda.com\/es\/wp-json\/wp\/v2\/comments?post=16"}],"version-history":[{"count":2,"href":"https:\/\/patricianebreda.com\/es\/wp-json\/wp\/v2\/pages\/16\/revisions"}],"predecessor-version":[{"id":29,"href":"https:\/\/patricianebreda.com\/es\/wp-json\/wp\/v2\/pages\/16\/revisions\/29"}],"wp:attachment":[{"href":"https:\/\/patricianebreda.com\/es\/wp-json\/wp\/v2\/media?parent=16"}],"curies":[{"name":"wp","href":"https:\/\/api.w.org\/{rel}","templated":true}]}}