{"id":14,"date":"2016-06-11T15:34:59","date_gmt":"2016-06-11T15:34:59","guid":{"rendered":"http:\/\/patricianebreda.com\/?page_id=14"},"modified":"2016-09-30T13:07:40","modified_gmt":"2016-09-30T13:07:40","slug":"el-codigo-de-la-emocion-codigo-cuerpo","status":"publish","type":"page","link":"https:\/\/patricianebreda.com\/es\/el-codigo-de-la-emocion-codigo-cuerpo\/","title":{"rendered":"El c\u00f3digo de la emoci\u00f3n y del cuerpo"},"content":{"rendered":"<ul class=\"checkmark\">\n<li>\u00bfTe sientes defraudado?<\/li>\n<li>\u00bfSientes que la vida que te prometieron era otra?<\/li>\n<li>\u00bfHas hecho todo lo que se supon\u00eda te llevar\u00eda a la felicidad pero tu prometido regalo no ha llegado?<\/li>\n<li>\u00bfO eres de los que se siente raro y fuera de los c\u00e1nones establecidos por la sociedad para alcanzar la felicidad?<\/li>\n<\/ul>\n<p>El c\u00f3digo de la emoci\u00f3n y c\u00f3digo del cuerpo es un m\u00e9todo creado por el Dr. Bradley Nelson en el que se identifica para despu\u00e9s liberar aquel bagaje emocional que provoca que nos quedemos estancados en situaciones indeseadas, enfermedades o miedos que no podemos entender.<\/p>\n<blockquote><p>Viejas emociones pueden quedarse estancadas en el cuerpo creando pelotas energ\u00e9ticas que impiden que la energ\u00eda fluya.<\/p><\/blockquote>\n<p>Con la ayuda de la kinesiolog\u00eda se puede preguntar al cuerpo por esas emociones que est\u00e1n causando ese determinado problema para despu\u00e9s proceder con un im\u00e1n a liberarlas del cuerpo liberando as\u00ed al cliente.<\/p>\n<h3>Una de los grandes descubrimientos del Dr. Nelson es el muro del coraz\u00f3n.<\/h3>\n<p>A lo largo de la vida vamos viviendo situaciones que nos provocan tristezas y miedos.<\/p>\n<p>El muro del coraz\u00f3n se crea con la intenci\u00f3n de protegernos de futuras heridas y sufrimientos. La intenci\u00f3n inicial es buena, sin embargo el precio que hay que pagar por esta seguridad es demasiado alto puesto que conlleva muchas veces a estados de depresiones, enfermedades, etc.<\/p>\n<p>Cuando se libera ese muro, empezamos de nuevo a vivir m\u00e1s intensamente, nos abrimos al amor y a todas las cosas buenas que la vida tiene preparada para nosotros.<\/p>\n<p>\u00a1Te invito a que te liberes de todo aquello que te impide conseguir lo que deseas y que te pertenece como derecho de vida!<\/p>\n<p>Iremos revisando tus creencias para poder as\u00ed eliminar cualquier bloqueo que te est\u00e9 impidiendo vivir la vida de tus sue\u00f1os y puedas andar en libertad!<\/p>\n<h3 style=\"text-align: center;\"><a class=\"button\" href=\"http:\/\/patricianebreda.com\/contacto\/\">\u00a1Lib\u00e9rate!<\/a><\/h3>\n","protected":false},"excerpt":{"rendered":"<p>\u00bfTe sientes defraudado? \u00bfSientes que la vida que te prometieron era otra? \u00bfHas hecho todo lo que se supon\u00eda te llevar\u00eda a la felicidad pero tu prometido regalo no ha llegado? \u00bfO eres de los que se siente raro y fuera de los c\u00e1nones establecidos por la sociedad para alcanzar la felicidad? El c\u00f3digo de [&hellip;]<\/p>\n","protected":false},"author":1,"featured_media":0,"parent":0,"menu_order":0,"comment_status":"closed","ping_status":"closed","template":"page_landing.php","meta":{"footnotes":""},"class_list":{"0":"post-14","1":"page","2":"type-page","3":"status-publish","5":"entry"},"_links":{"self":[{"href":"https:\/\/patricianebreda.com\/es\/wp-json\/wp\/v2\/pages\/14","targetHints":{"allow":["GET"]}}],"collection":[{"href":"https:\/\/patricianebreda.com\/es\/wp-json\/wp\/v2\/pages"}],"about":[{"href":"https:\/\/patricianebreda.com\/es\/wp-json\/wp\/v2\/types\/page"}],"author":[{"embeddable":true,"href":"https:\/\/patricianebreda.com\/es\/wp-json\/wp\/v2\/users\/1"}],"replies":[{"embeddable":true,"href":"https:\/\/patricianebreda.com\/es\/wp-json\/wp\/v2\/comments?post=14"}],"version-history":[{"count":3,"href":"https:\/\/patricianebreda.com\/es\/wp-json\/wp\/v2\/pages\/14\/revisions"}],"predecessor-version":[{"id":391,"href":"https:\/\/patricianebreda.com\/es\/wp-json\/wp\/v2\/pages\/14\/revisions\/391"}],"wp:attachment":[{"href":"https:\/\/patricianebreda.com\/es\/wp-json\/wp\/v2\/media?parent=14"}],"curies":[{"name":"wp","href":"https:\/\/api.w.org\/{rel}","templated":true}]}}